{"id":212,"date":"2017-09-02T02:07:43","date_gmt":"2017-09-02T00:07:43","guid":{"rendered":"http:\/\/job-agenten.de\/?page_id=212"},"modified":"2020-12-18T15:04:21","modified_gmt":"2020-12-18T14:04:21","slug":"gewerbliche-mitarbeiter","status":"publish","type":"page","link":"https:\/\/job-agenten.de\/pl\/fuer-arbeitgeber\/personalanfrage\/gewerbliche-mitarbeiter\/","title":{"rendered":"gewerbliche Mitarbeiter"},"content":{"rendered":"[vc_row el_class=&#8221;inhalt erster&#8221;][vc_column][vc_column_text]\n<h2>Personalanfrage Fachkr\u00e4fte<\/h2>\n<p>Machen Sie Ihre Stelle f\u00fcr den Bewerber attraktiv! Nehmen Sie sich bitte ein paar Minuten Zeit und f\u00fcllen das nachfolgende Formular vollst\u00e4ndig aus. Teilen Sie uns bitte alle wichtigen Details mit um Ihnen die f\u00fcr Sie passenden Bewerber empfehlen zu k\u00f6nnen.<\/p>\n<p>Nach dem Absenden Ihrer Formulareingaben werden wir Ihre Anfrage umgehend bearbeiten und uns schnellstm\u00f6glich mit Ihnen in Verbindung setzen.[\/vc_column_text][vc_empty_space height=&#8221;30px&#8221;][vc_column_text]\n<div class=\"caldera-grid\" id=\"caldera_form_1\" data-cf-ver=\"1.8.6\" data-cf-form-id=\"CF5a46b184d0ce9\"><div id=\"caldera_notices_1\" data-spinner=\"https:\/\/job-agenten.de\/wp-admin\/images\/spinner.gif\"><\/div><form data-instance=\"1\" class=\"CF5a46b184d0ce9 caldera_forms_form cfajax-trigger\" method=\"POST\" enctype=\"multipart\/form-data\" id=\"CF5a46b184d0ce9_1\" data-form-id=\"CF5a46b184d0ce9\" aria-label=\"Personalbedarf nicht-medizinische Mitarbeiter\" data-target=\"#caldera_notices_1\" data-template=\"#cfajax_CF5a46b184d0ce9-tmpl\" data-cfajax=\"CF5a46b184d0ce9\" data-load-element=\"_parent\" data-load-class=\"cf_processing\" data-post-disable=\"0\" data-action=\"cf_process_ajax_submit\" data-request=\"https:\/\/job-agenten.de\/pl\/cf-api\/CF5a46b184d0ce9\" data-hiderows=\"true\">\r\n<input type=\"hidden\" id=\"_cf_verify_CF5a46b184d0ce9\" name=\"_cf_verify\" value=\"6456604ab5\"  data-nonce-time=\"1777710522\" \/><input type=\"hidden\" name=\"_wp_http_referer\" value=\"\/pl\/wp-json\/wp\/v2\/pages\/212\" \/><div id=\"cf2-CF5a46b184d0ce9_1\"><\/div><input type=\"hidden\" name=\"_cf_frm_id\" value=\"CF5a46b184d0ce9\">\r\n<input type=\"hidden\" name=\"_cf_frm_ct\" value=\"1\">\r\n<input type=\"hidden\" name=\"cfajax\" value=\"CF5a46b184d0ce9\">\r\n<input type=\"hidden\" name=\"_cf_cr_pst\" value=\"212\">\r\n<div class=\"hide\" style=\"display:none; overflow:hidden;height:0;width:0;\">\r\n<label>Email<\/label><input type=\"text\" name=\"email\" value=\"\" autocomplete=\"off\">\r\n<\/div><div id=\"CF5a46b184d0ce9_1-row-1\"  class=\"row  first_row\"><div  class=\"col-sm-12  single\"><div class=\"\"><h3>Kontaktdaten<\/h3>\n<\/div><div data-field-wrapper=\"fld_3688899\" class=\"form-group\" id=\"fld_3688899_1-wrap\">\r\n\t<label id=\"fld_3688899Label\" for=\"fld_3688899_1\" class=\"control-label\">Firma <span aria-hidden=\"true\" role=\"presentation\" class=\"field_required\" style=\"color:#ee0000;\">*<\/span><\/label>\r\n\t<div class=\"\">\r\n\t\t<input   required type=\"text\" data-field=\"fld_3688899\" class=\" form-control\" id=\"fld_3688899_1\" name=\"fld_3688899\" value=\"\" data-type=\"text\" aria-required=\"true\"   aria-labelledby=\"fld_3688899Label\" >\t\t\t<\/div>\r\n<\/div>\r\n<div data-field-wrapper=\"fld_3608519\" class=\"form-group\" id=\"fld_3608519_1-wrap\">\r\n\t<label id=\"fld_3608519Label\" for=\"fld_3608519_1\" class=\"control-label\">Ansprechperson <span aria-hidden=\"true\" role=\"presentation\" class=\"field_required\" style=\"color:#ee0000;\">*<\/span><\/label>\r\n\t<div class=\"\">\r\n\t\t<input   required type=\"text\" data-field=\"fld_3608519\" class=\" form-control\" id=\"fld_3608519_1\" name=\"fld_3608519\" value=\"\" data-type=\"text\" aria-required=\"true\"   aria-labelledby=\"fld_3608519Label\" >\t\t\t<\/div>\r\n<\/div>\r\n<div data-field-wrapper=\"fld_6829296\" class=\"form-group\" id=\"fld_6829296_1-wrap\">\r\n\t<label id=\"fld_6829296Label\" for=\"fld_6829296_1\" class=\"control-label\">Stra\u00dfe <span aria-hidden=\"true\" role=\"presentation\" class=\"field_required\" style=\"color:#ee0000;\">*<\/span><\/label>\r\n\t<div class=\"\">\r\n\t\t<input   required type=\"text\" data-field=\"fld_6829296\" class=\" form-control\" id=\"fld_6829296_1\" name=\"fld_6829296\" value=\"\" data-type=\"text\" aria-required=\"true\"   aria-labelledby=\"fld_6829296Label\" >\t\t\t<\/div>\r\n<\/div>\r\n<div data-field-wrapper=\"fld_1158634\" class=\"form-group\" id=\"fld_1158634_1-wrap\">\r\n\t<label id=\"fld_1158634Label\" for=\"fld_1158634_1\" class=\"control-label\">PLZ, Ort <span aria-hidden=\"true\" role=\"presentation\" class=\"field_required\" style=\"color:#ee0000;\">*<\/span><\/label>\r\n\t<div class=\"\">\r\n\t\t<input   required type=\"text\" data-field=\"fld_1158634\" class=\" form-control\" id=\"fld_1158634_1\" name=\"fld_1158634\" value=\"\" data-type=\"text\" aria-required=\"true\"   aria-labelledby=\"fld_1158634Label\" >\t\t\t<\/div>\r\n<\/div>\r\n<div data-field-wrapper=\"fld_6830845\" class=\"form-group\" id=\"fld_6830845_1-wrap\">\r\n\t<label id=\"fld_6830845Label\" for=\"fld_6830845_1\" class=\"control-label\">Rufnummer<\/label>\r\n\t<div class=\"\">\r\n\t\t<input  data-inputmask=\"'mask': '(999)999-9999'\"   type=\"phone\" data-field=\"fld_6830845\" class=\" form-control\" id=\"fld_6830845_1\" name=\"fld_6830845\" value=\"\" data-type=\"phone\"   aria-labelledby=\"fld_6830845Label\" >\t\t\t<\/div>\r\n<\/div>\r\n<div data-field-wrapper=\"fld_2030594\" class=\"form-group\" id=\"fld_2030594_1-wrap\">\r\n\t<label id=\"fld_2030594Label\" for=\"fld_2030594_1\" class=\"control-label\">E-Mail Adresse <span aria-hidden=\"true\" role=\"presentation\" class=\"field_required\" style=\"color:#ee0000;\">*<\/span><\/label>\r\n\t<div class=\"\">\r\n\t\t<input   required type=\"email\" data-field=\"fld_2030594\" class=\" form-control\" id=\"fld_2030594_1\" name=\"fld_2030594\" value=\"\" data-type=\"email\" aria-required=\"true\"   aria-labelledby=\"fld_2030594Label\" >\t\t\t<\/div>\r\n<\/div>\r\n<div data-field-wrapper=\"fld_3351546\" class=\"form-group\" id=\"fld_3351546_1-wrap\">\r\n\t<label id=\"fld_3351546Label\" for=\"fld_3351546_1\" class=\"control-label\">Website<\/label>\r\n\t<div class=\"\">\r\n\t\t<input    type=\"url\" data-field=\"fld_3351546\" class=\" form-control\" id=\"fld_3351546_1\" name=\"fld_3351546\" value=\"\" data-type=\"url\"   aria-labelledby=\"fld_3351546Label\" >\t\t\t<\/div>\r\n<\/div>\r\n<\/div><\/div><div id=\"CF5a46b184d0ce9_1-row-2\"  class=\"row \"><div  class=\"col-sm-12  single\"><div class=\"\"><h3>Personalbedarf<\/h3>\n<\/div><div data-field-wrapper=\"fld_1664849\" class=\"form-group auswahl_beruf\" id=\"fld_1664849_1-wrap\">\r\n\t<label id=\"fld_1664849Label\" for=\"fld_1664849_1\" class=\"control-label\">Beruf <span aria-hidden=\"true\" role=\"presentation\" class=\"field_required\" style=\"color:#ee0000;\">*<\/span><\/label>\r\n\t<div class=\"\">\r\n\t\t<input   required type=\"text\" data-field=\"fld_1664849\" class=\" form-control\" id=\"fld_1664849_1\" name=\"fld_1664849\" value=\"\" data-type=\"text\" aria-required=\"true\"   aria-labelledby=\"fld_1664849Label\" >\t\t\t<\/div>\r\n<\/div>\r\n<div data-field-wrapper=\"fld_6049993\" class=\"form-group auswahl_zusatzquali\" id=\"fld_6049993_1-wrap\">\r\n\t<label id=\"fld_6049993Label\" for=\"fld_6049993_1\" class=\"control-label\">Zusatzqualifikation<\/label>\r\n\t<div class=\"\">\r\n\t\t<input    type=\"text\" data-field=\"fld_6049993\" class=\" form-control\" id=\"fld_6049993_1\" name=\"fld_6049993\" value=\"\" data-type=\"text\"   aria-labelledby=\"fld_6049993Label\" >\t\t\t<\/div>\r\n<\/div>\r\n\n<div data-field-wrapper=\"fld_394616\" class=\"form-group auswahl_abwann\" id=\"fld_394616_1-wrap\">\r\n\t<label id=\"fld_394616Label\" for=\"fld_394616_1\" class=\"control-label\">Ab wann?<\/label>\r\n\t<div class=\"\">\r\n\t\t<input  type=\"text\" data-provide=\"cfdatepicker\" name=\"fld_394616\" value=\"\" id=\"fld_394616_1\" data-field=\"fld_394616\" class=\"form-control cfdatepicker is-cfdatepicker\" data-date-format=\"dd.mm.yyyy\" data-date-start-view=\"month\" data-date-language=\"de\"   aria-labelledby=\"fld_394616Label\"   \/>\n\t\t\t<\/div>\r\n<\/div>\r\n<\/div><\/div><div id=\"CF5a46b184d0ce9_1-row-3\"  class=\"row \"><div  class=\"col-sm-12  single\"><div class=\"\"><h3>Details<\/h3>\n<\/div><div data-field-wrapper=\"fld_4444935\" class=\"form-group details_gehalt\" id=\"fld_4444935_1-wrap\">\r\n\t<label id=\"fld_4444935Label\" for=\"fld_4444935_1\" class=\"control-label\">Gehalt von - bis<\/label>\r\n\t<div class=\"\">\r\n\t\t<input    type=\"text\" data-field=\"fld_4444935\" class=\" form-control\" id=\"fld_4444935_1\" name=\"fld_4444935\" value=\"\" data-type=\"text\"   aria-labelledby=\"fld_4444935Label\" aria-describedby=\"fld_4444935Caption\" >\t\t<span id=\"fld_4444935Caption\" class=\"help-block\">bitte geben Sie eine Gehaltspanne an, die von den Qualifikationen abh\u00e4ngig ist, beginnend mit Berufsanf\u00e4nger<\/span>\r\n\t<\/div>\r\n<\/div>\r\n<div data-field-wrapper=\"fld_9966858\" class=\"form-group details_arbeitszeiten\" id=\"fld_9966858_1-wrap\">\r\n\t<label id=\"fld_9966858Label\" for=\"fld_9966858_1\" class=\"control-label\">Arbeitszeiten<\/label>\r\n\t<div class=\"\">\r\n\t\t<input    type=\"text\" data-field=\"fld_9966858\" class=\" form-control\" id=\"fld_9966858_1\" name=\"fld_9966858\" value=\"\" data-type=\"text\"   aria-labelledby=\"fld_9966858Label\" >\t\t\t<\/div>\r\n<\/div>\r\n<div data-field-wrapper=\"fld_6803939\" class=\"form-group details_arbeitszeiten\" id=\"fld_6803939_1-wrap\">\r\n\t<label id=\"fld_6803939Label\" for=\"fld_6803939_1\" class=\"control-label\">w\u00f6chentliche Arbeitszeit<\/label>\r\n\t<div class=\"\">\r\n\t\t<input    type=\"text\" data-field=\"fld_6803939\" class=\" form-control\" id=\"fld_6803939_1\" name=\"fld_6803939\" value=\"\" data-type=\"text\"   aria-labelledby=\"fld_6803939Label\" >\t\t\t<\/div>\r\n<\/div>\r\n<div data-field-wrapper=\"fld_3087700\" class=\"form-group details_urlaubsanspruch\" id=\"fld_3087700_1-wrap\">\r\n\t<label id=\"fld_3087700Label\" for=\"fld_3087700_1\" class=\"control-label\">Urlaubsanspruch<\/label>\r\n\t<div class=\"\">\r\n\t\t<input    type=\"text\" data-field=\"fld_3087700\" class=\" form-control\" id=\"fld_3087700_1\" name=\"fld_3087700\" value=\"\" data-type=\"text\"   aria-labelledby=\"fld_3087700Label\" >\t\t\t<\/div>\r\n<\/div>\r\n<\/div><\/div><div id=\"CF5a46b184d0ce9_1-row-4\"  class=\"row \"><div  class=\"col-sm-12  single\"><div class=\"\"><h3>Unterst\u00fctzung bei der Wohnungssuche<\/h3>\n<\/div><div data-field-wrapper=\"fld_29593\" class=\"form-group wohnung_vorhanden\" id=\"fld_29593_1-wrap\">\r\n<label id=\"fld_29593Label\" for=\"fld_29593_1\" class=\"control-label\">Wohnungsm\u00f6glichkeit eventuell vorhanden?<\/label>\r\n<div class=\"\">\r\n\t\t\t\t\t<div class=\"radio\">\n\t\t\t\t<label data-label=\"ja\" for=\"fld_29593_1_opt1978901\"><input type=\"radio\" id=\"fld_29593_1_opt1978901\" data-field=\"fld_29593\" class=\"fld_29593_1\" name=\"fld_29593\" value=\"ja\"    data-radio-field=\"fld_29593_1\" data-type=\"radio\" data-calc-value=\"ja\" \/>\n\t\t\tja\t\t<\/label>\n\t\t\t\t\t<\/div>\n\t\t\t\t\t\t\t\t\t<div class=\"radio\">\n\t\t\t\t<label data-label=\"nein\" for=\"fld_29593_1_opt1704690\"><input type=\"radio\" id=\"fld_29593_1_opt1704690\" data-field=\"fld_29593\" class=\"fld_29593_1\" name=\"fld_29593\" value=\"nein\"    data-radio-field=\"fld_29593_1\" data-type=\"radio\" data-calc-value=\"nein\" \/>\n\t\t\tnein\t\t<\/label>\n\t\t\t\t\t<\/div>\n\t\t\t\t<\/div>\r\n<\/div>\r\n<span class=\"caldera-forms-conditional-field\" role=\"region\" aria-live=\"polite\" id=\"conditional_fld_3148815_1\" data-field-id=\"fld_3148815_1\"><\/span><span class=\"caldera-forms-conditional-field\" role=\"region\" aria-live=\"polite\" id=\"conditional_fld_6389017_1\" data-field-id=\"fld_6389017_1\"><\/span><\/div><\/div><div id=\"CF5a46b184d0ce9_1-row-5\"  class=\"row \"><div  class=\"col-sm-12  single\"><div class=\"\"><h3>Gew\u00fcnschtes Dienstleistungspaket<\/h3>\n<\/div><div data-field-wrapper=\"fld_5886305\" class=\"form-group dienstleistungspaket_fragen\" id=\"fld_5886305_1-wrap\">\r\n<label id=\"fld_5886305Label\" for=\"fld_5886305_1\" class=\"control-label\">Zusenden von Kandidatenempfehlungen (unverbindlich und kostenfrei)<\/label>\r\n<div class=\"\">\r\n\t\t\t\t\t<div class=\"radio\">\n\t\t\t\t<label data-label=\"ja\" for=\"fld_5886305_1_opt1515851\"><input type=\"radio\" id=\"fld_5886305_1_opt1515851\" data-field=\"fld_5886305\" class=\"fld_5886305_1\" name=\"fld_5886305\" value=\"ja\"    data-radio-field=\"fld_5886305_1\" data-type=\"radio\" data-calc-value=\"ja\" \/>\n\t\t\tja\t\t<\/label>\n\t\t\t\t\t<\/div>\n\t\t\t\t\t\t\t\t\t<div class=\"radio\">\n\t\t\t\t<label data-label=\"nein\" for=\"fld_5886305_1_opt1866723\"><input type=\"radio\" id=\"fld_5886305_1_opt1866723\" data-field=\"fld_5886305\" class=\"fld_5886305_1\" name=\"fld_5886305\" value=\"nein\"    data-radio-field=\"fld_5886305_1\" data-type=\"radio\" data-calc-value=\"nein\" \/>\n\t\t\tnein\t\t<\/label>\n\t\t\t\t\t<\/div>\n\t\t\t\t<\/div>\r\n<\/div>\r\n<div data-field-wrapper=\"fld_8759164\" class=\"form-group dienstleistungspaket_fragen\" id=\"fld_8759164_1-wrap\">\r\n<label id=\"fld_8759164Label\" for=\"fld_8759164_1\" class=\"control-label\">Organisieren der Hospitation (unverbindlich und kostenfrei)<\/label>\r\n<div class=\"\">\r\n\t\t\t\t\t<div class=\"radio\">\n\t\t\t\t<label data-label=\"ja\" for=\"fld_8759164_1_opt1996964\"><input type=\"radio\" id=\"fld_8759164_1_opt1996964\" data-field=\"fld_8759164\" class=\"fld_8759164_1\" name=\"fld_8759164\" value=\"ja\"    data-radio-field=\"fld_8759164_1\" data-type=\"radio\" data-calc-value=\"ja\" \/>\n\t\t\tja\t\t<\/label>\n\t\t\t\t\t<\/div>\n\t\t\t\t\t\t\t\t\t<div class=\"radio\">\n\t\t\t\t<label data-label=\"nein\" for=\"fld_8759164_1_opt1865733\"><input type=\"radio\" id=\"fld_8759164_1_opt1865733\" data-field=\"fld_8759164\" class=\"fld_8759164_1\" name=\"fld_8759164\" value=\"nein\"    data-radio-field=\"fld_8759164_1\" data-type=\"radio\" data-calc-value=\"nein\" \/>\n\t\t\tnein\t\t<\/label>\n\t\t\t\t\t<\/div>\n\t\t\t\t<\/div>\r\n<\/div>\r\n<div data-field-wrapper=\"fld_4946099\" class=\"form-group dienstleistungspaket_fragen\" id=\"fld_4946099_1-wrap\">\r\n<label id=\"fld_4946099Label\" for=\"fld_4946099_1\" class=\"control-label\">Durchf\u00fchren der Berufsanerkennung in Deutschland (unsere Garantie!)<\/label>\r\n<div class=\"\">\r\n\t\t\t\t\t<div class=\"radio\">\n\t\t\t\t<label data-label=\"ja\" for=\"fld_4946099_1_opt1558567\"><input type=\"radio\" id=\"fld_4946099_1_opt1558567\" data-field=\"fld_4946099\" class=\"fld_4946099_1\" name=\"fld_4946099\" value=\"ja\"    data-radio-field=\"fld_4946099_1\" data-type=\"radio\" data-calc-value=\"ja\" \/>\n\t\t\tja\t\t<\/label>\n\t\t\t\t\t<\/div>\n\t\t\t\t\t\t\t\t\t<div class=\"radio\">\n\t\t\t\t<label data-label=\"nein\" for=\"fld_4946099_1_opt1308911\"><input type=\"radio\" id=\"fld_4946099_1_opt1308911\" data-field=\"fld_4946099\" class=\"fld_4946099_1\" name=\"fld_4946099\" value=\"nein\"    data-radio-field=\"fld_4946099_1\" data-type=\"radio\" data-calc-value=\"nein\" \/>\n\t\t\tnein\t\t<\/label>\n\t\t\t\t\t<\/div>\n\t\t\t\t<\/div>\r\n<\/div>\r\n<div data-field-wrapper=\"fld_8902592\" class=\"form-group dienstleistungspaket_fragen\" id=\"fld_8902592_1-wrap\">\r\n<label id=\"fld_8902592Label\" for=\"fld_8902592_1\" class=\"control-label\">Haben Sie Fragen zu unserer Dienstleistung?<\/label>\r\n<div class=\"\">\r\n\t\t\t\t\t<div class=\"radio\">\n\t\t\t\t<label data-label=\"ja\" for=\"fld_8902592_1_opt1860243\"><input type=\"radio\" id=\"fld_8902592_1_opt1860243\" data-field=\"fld_8902592\" class=\"fld_8902592_1\" name=\"fld_8902592\" value=\"ja\"    data-radio-field=\"fld_8902592_1\" data-type=\"radio\" data-calc-value=\"ja\" \/>\n\t\t\tja\t\t<\/label>\n\t\t\t\t\t<\/div>\n\t\t\t\t\t\t\t\t\t<div class=\"radio\">\n\t\t\t\t<label data-label=\"nein\" for=\"fld_8902592_1_opt1404672\"><input type=\"radio\" id=\"fld_8902592_1_opt1404672\" data-field=\"fld_8902592\" class=\"fld_8902592_1\" name=\"fld_8902592\" value=\"nein\"    data-radio-field=\"fld_8902592_1\" data-type=\"radio\" data-calc-value=\"nein\" \/>\n\t\t\tnein\t\t<\/label>\n\t\t\t\t\t<\/div>\n\t\t\t\t<\/div>\r\n<\/div>\r\n<div data-field-wrapper=\"fld_1598998\" class=\"form-group dienstleistungspaket_provision\" id=\"fld_1598998_1-wrap\">\r\n<label id=\"fld_1598998Label\" for=\"fld_1598998_1\" class=\"control-label\">Sind Sie damit einverstanden, dass bei erfolgreicher Personalvermittlung Ihnen unsere Vermittlungsprovision in Rechnung gestellt wird?<\/label>\r\n<div class=\"\">\r\n\t\t\t\t\t<div class=\"radio\">\n\t\t\t\t<label data-label=\"ja\" for=\"fld_1598998_1_opt1860243\"><input type=\"radio\" id=\"fld_1598998_1_opt1860243\" data-field=\"fld_1598998\" class=\"fld_1598998_1\" name=\"fld_1598998\" value=\"ja\"    data-radio-field=\"fld_1598998_1\" data-type=\"radio\" data-calc-value=\"ja\" \/>\n\t\t\tja\t\t<\/label>\n\t\t\t\t\t<\/div>\n\t\t\t\t\t\t\t\t\t<div class=\"radio\">\n\t\t\t\t<label data-label=\"nein\" for=\"fld_1598998_1_opt1404672\"><input type=\"radio\" id=\"fld_1598998_1_opt1404672\" data-field=\"fld_1598998\" class=\"fld_1598998_1\" name=\"fld_1598998\" value=\"nein\"    data-radio-field=\"fld_1598998_1\" data-type=\"radio\" data-calc-value=\"nein\" \/>\n\t\t\tnein\t\t<\/label>\n\t\t\t\t\t<\/div>\n\t\t\t\t<span id=\"fld_1598998Caption\" class=\"help-block\">Aktuelle H\u00f6he der Vermittlungsprovision: 1,5faches Monats-Bruttogehalt oder 2,0faches Monats-Bruttogehalt beim Abschlie\u00dfen einer Risikoteilungsvereinbarung.<\/span>\r\n<\/div>\r\n<\/div>\r\n<\/div><\/div><div id=\"CF5a46b184d0ce9_1-row-6\"  class=\"row  last_row\"><div  class=\"col-sm-12  single\"><div class=\"\"><h3>Ihre W\u00fcnsche und Priorit\u00e4ten<\/h3>\n<\/div><div data-field-wrapper=\"fld_994645\" class=\"form-group wuensche_prioritaeten_textfeld\" id=\"fld_994645_1-wrap\">\r\n\t<label id=\"fld_994645Label\" for=\"fld_994645_1\" class=\"control-label screen-reader-text sr-only\">W\u00fcnsche und Priorit\u00e4ten<\/label>\r\n\t<div class=\"\">\r\n\t\t<textarea name=\"fld_994645\" value=\"\" data-field=\"fld_994645\" class=\"form-control\" id=\"fld_994645_1\" rows=\"4\"    aria-labelledby=\"fld_994645Label\" ><\/textarea>\n\t\t\t<\/div>\r\n<\/div>\r\n<div class=\"\"><div style=\"margin-top:30px\"><\/div>\n<\/div><div data-field-wrapper=\"fld_3074170\" class=\"form-group checkbox_datenschutz\" id=\"fld_3074170_1-wrap\">\r\n\t<label id=\"fld_3074170Label\" for=\"fld_3074170_1\" class=\"control-label screen-reader-text sr-only\">Datenschutz-Checkbox<\/label>\r\n\t<div class=\"\">\r\n\t\t\t\t\t\t\t\t\t\t\t<div class=\"checkbox\">\n\t\t\t\t\n                <label                         for=\"fld_3074170_1_opt1140485\"\n                >\n                            <input\n                                data-parsley-required=\"true\" data-parsley-group=\"fld_3074170_1\" data-parsley-multiple=\"fld_3074170_1\"                                type=\"checkbox\"\n                                data-label=\"Sie erkl\u00e4ren sich damit einverstanden, dass Ihre Daten zur Bearbeitung Ihres Anliegens verwendet werden. Weitere Informationen und Widerrufshinweise finden Sie in der &lt;a href=&quot;http:\/\/job-agenten.de\/datenschutz\/&quot;&gt;&lt;b&gt;Datenschutzerkl\u00e4rung&lt;\/b&gt;&lt;\/a&gt;.\"\n                                data-field=\"fld_3074170\"\n                                id=\"fld_3074170_1_opt1140485\"\n                                class=\"fld_3074170_1 option-required\"\n                                name=\"fld_3074170[opt1140485]\"\n                                value=\"Sie erkl\u00e4ren sich damit einverstanden, dass Ihre Daten zur Bearbeitung Ihres Anliegens verwendet werden. Weitere Informationen und Widerrufshinweise finden Sie in der &lt;a href=&quot;http:\/\/job-agenten.de\/datenschutz\/&quot;&gt;&lt;b&gt;Datenschutzerkl\u00e4rung&lt;\/b&gt;&lt;\/a&gt;.\"\n                                                                data-type=\"checkbox\"\n                                data-checkbox-field=\"fld_3074170_1\"\n                                                                data-calc-value=\"Sie erkl\u00e4ren sich damit einverstanden, dass Ihre Daten zur Bearbeitung Ihres Anliegens verwendet werden. Weitere Informationen und Widerrufshinweise finden Sie in der &lt;a href=&quot;http:\/\/job-agenten.de\/datenschutz\/&quot;&gt;&lt;b&gt;Datenschutzerkl\u00e4rung&lt;\/b&gt;&lt;\/a&gt;.\"\n                            >\n                    Sie erkl\u00e4ren sich damit einverstanden, dass Ihre Daten zur Bearbeitung Ihres Anliegens verwendet werden. Weitere Informationen und Widerrufshinweise finden Sie in der <a href=\"http:\/\/job-agenten.de\/datenschutz\/\"><b>Datenschutzerkl\u00e4rung<\/b><\/a>.                <\/label>\n\n                \t\t\t\t\t<\/div>\n\t\t\t\t\t\t\t\t\t\t\t<\/div>\r\n<\/div>\r\n<div data-field-wrapper=\"fld_7007738\" class=\"form-group\" id=\"fld_7007738_1-wrap\">\r\n\t<label class=\"control-label\">&nbsp;<\/label>\n<div class=\"\">\r\n\t<input  class=\"btn btn-default\" type=\"submit\" name=\"fld_7007738\" id=\"fld_7007738_1\" value=\"Formular senden\" data-field=\"fld_7007738\"  >\n<\/div>\r\n<\/div>\r\n\t<input class=\"button_trigger_1\" type=\"hidden\" name=\"fld_7007738\" id=\"fld_7007738_1_btn\" value=\"\" data-field=\"fld_7007738\"  \/>\n<\/div><\/div><\/form>\r\n<\/div>\r\n<script type=\"text\/javascript\">\r\nif( typeof caldera_conditionals === \"undefined\" ){ var caldera_conditionals = {}; }caldera_conditionals.CF5a46b184d0ce9_1 = {\"fld_3148815_1\":{\"type\":\"show\",\"group\":{\"rw4254902675820798\":{\"cl1625292297027920\":{\"parent\":\"rw4254902675820798\",\"field\":\"fld_29593\",\"compare\":\"is\",\"value\":\"ja\",\"label\":\"ja\"}}}},\"fld_6389017_1\":{\"type\":\"show\",\"group\":{\"rw4254902675820798\":{\"cl1625292297027920\":{\"parent\":\"rw4254902675820798\",\"field\":\"fld_29593\",\"compare\":\"is\",\"value\":\"ja\",\"label\":\"ja\"}}}}};\r\n<\/script>\r\n<script type=\"text\/html\" id=\"conditional-fld_3148815_1-tmpl\">\r\n<div data-field-wrapper=\"fld_3148815\" class=\"form-group wohnung_wielange\" id=\"fld_3148815_1-wrap\">\r\n\t<label id=\"fld_3148815Label\" for=\"fld_3148815_1\" class=\"control-label\">F\u00fcr wie lange?<\/label>\r\n\t<div class=\"\">\r\n\t\t<input    type=\"text\" data-field=\"fld_3148815\" class=\" form-control\" id=\"fld_3148815_1\" name=\"fld_3148815\" value=\"\" data-type=\"text\"   aria-labelledby=\"fld_3148815Label\" >\t\t\t<\/div>\r\n<\/div>\r\n<\/script>\r\n\r\n<script type=\"text\/html\" id=\"conditional-fld_6389017_1-tmpl\">\r\n<div data-field-wrapper=\"fld_6389017\" class=\"form-group wohnung_kosten\" id=\"fld_6389017_1-wrap\">\r\n\t<label id=\"fld_6389017Label\" for=\"fld_6389017_1\" class=\"control-label\">Kosten<\/label>\r\n\t<div class=\"\">\r\n\t\t<input    type=\"text\" data-field=\"fld_6389017\" class=\" form-control\" id=\"fld_6389017_1\" name=\"fld_6389017\" value=\"\" data-type=\"text\"   aria-labelledby=\"fld_6389017Label\" >\t\t\t<\/div>\r\n<\/div>\r\n<\/script>\r\n\n[\/vc_column_text][\/vc_column][\/vc_row]\n","protected":false},"excerpt":{"rendered":"<p>[vc_row el_class=&#8221;inhalt erster&#8221;][vc_column][vc_column_text] Personalanfrage Fachkr\u00e4fte Machen Sie Ihre Stelle f\u00fcr den Bewerber attraktiv! Nehmen Sie sich bitte ein paar Minuten Zeit und f\u00fcllen das nachfolgende Formular vollst\u00e4ndig aus. Teilen Sie uns bitte alle wichtigen Details mit um Ihnen die f\u00fcr Sie passenden Bewerber empfehlen zu k\u00f6nnen. Nach dem Absenden Ihrer Formulareingaben werden wir Ihre Anfrage [&hellip;]<\/p>\n","protected":false},"author":1,"featured_media":0,"parent":51,"menu_order":20,"comment_status":"closed","ping_status":"closed","template":"","meta":[],"translation":{"provider":"WPGlobus","version":"3.0.0","language":"pl","enabled_languages":["de","pl"],"languages":{"de":{"title":true,"content":true,"excerpt":false},"pl":{"title":false,"content":false,"excerpt":false}}},"_links":{"self":[{"href":"https:\/\/job-agenten.de\/pl\/wp-json\/wp\/v2\/pages\/212"}],"collection":[{"href":"https:\/\/job-agenten.de\/pl\/wp-json\/wp\/v2\/pages"}],"about":[{"href":"https:\/\/job-agenten.de\/pl\/wp-json\/wp\/v2\/types\/page"}],"author":[{"embeddable":true,"href":"https:\/\/job-agenten.de\/pl\/wp-json\/wp\/v2\/users\/1"}],"replies":[{"embeddable":true,"href":"https:\/\/job-agenten.de\/pl\/wp-json\/wp\/v2\/comments?post=212"}],"version-history":[{"count":5,"href":"https:\/\/job-agenten.de\/pl\/wp-json\/wp\/v2\/pages\/212\/revisions"}],"predecessor-version":[{"id":1277,"href":"https:\/\/job-agenten.de\/pl\/wp-json\/wp\/v2\/pages\/212\/revisions\/1277"}],"up":[{"embeddable":true,"href":"https:\/\/job-agenten.de\/pl\/wp-json\/wp\/v2\/pages\/51"}],"wp:attachment":[{"href":"https:\/\/job-agenten.de\/pl\/wp-json\/wp\/v2\/media?parent=212"}],"curies":[{"name":"wp","href":"https:\/\/api.w.org\/{rel}","templated":true}]}}