{"id":51,"date":"2017-07-29T00:37:45","date_gmt":"2017-07-28T22:37:45","guid":{"rendered":"http:\/\/job-agenten.de\/?page_id=51"},"modified":"2018-01-03T21:07:42","modified_gmt":"2018-01-03T20:07:42","slug":"personalanfrage","status":"publish","type":"page","link":"https:\/\/job-agenten.de\/pl\/fuer-arbeitgeber\/personalanfrage\/","title":{"rendered":"Personalanfrage"},"content":{"rendered":"[vc_row el_class=&#8221;inhalt erster&#8221;][vc_column][vc_column_text]\n<h2>Personalanfrage<\/h2>\n<p>Machen Sie Ihre Stelle f\u00fcr den Bewerber attraktiv! Nehmen Sie sich bitte ein paar Minuten Zeit und f\u00fcllen das nachfolgende Formular vollst\u00e4ndig aus. Teilen Sie uns bitte alle wichtigen Details mit um Ihnen, die f\u00fcr Sie passenden Bewerber empfehlen zu k\u00f6nnen. Wichtig! Wir geben alle relevanten Daten zu 100% an die Kandidaten weiter, damit sie genauestens \u00fcber Sie als potenziellen Arbeitgeber informiert sind.<\/p>\n<p>Nach dem Absenden Ihrer Formulareingaben werden wir Ihre Anfrage umgehend bearbeiten und uns schnellstm\u00f6glich mit Ihnen in Verbindung setzen.[\/vc_column_text][\/vc_column][\/vc_row][vc_row][vc_column][vc_empty_space height=&#8221;30px&#8221;][\/vc_column][\/vc_row][vc_row el_class=&#8221;content-box-titel_rot personalanfrage&#8221;][vc_column width=&#8221;1\/3&#8243; css=&#8221;.vc_custom_1504312441240{margin-bottom: 40px !important;}&#8221;][mk_content_box heading=&#8221;Gewerbliche Mitarbeiter&#8221; el_class=&#8221;schatten&#8221;][vc_column_text]\n<p>\u2022 Facharbeiter jeder Art<br \/>\n\u2022 Meister<br \/>\n\u2022 Kraftfahrer<br \/>\n\u2022 Techniker<br \/>\n\u2022 Helfer<\/p>\n<p>&nbsp;<\/p>\n<div class=\"clearboth\">\u2022 Maschinen- und Anlagenbau<br \/>\n\u2022 IT<br \/>\n\u2022 Schiffbau<br \/>\n\u2022 Automotive<\/div>\n<div><\/div>\n<div class=\"clearboth\">\u2022 Verwaltung<br \/>\n\u2022 Buchhaltung<br \/>\n\u2022 Sachbearbeitung<br \/>\n\u2022 Sekretariat<\/div>\n[\/vc_column_text][vc_btn title=&#8221;zum Formular&#8221; style=&#8221;outline&#8221; shape=&#8221;square&#8221; color=&#8221;black&#8221; align=&#8221;center&#8221; link=&#8221;url:http%3A%2F%2Fjob-agenten.de%2Ffuer-arbeitgeber%2Fpersonalanfrage%2Fgewerbliche-mitarbeiter%2F|||&#8221; css=&#8221;.vc_custom_1504312629456{margin-top: 20px !important;margin-bottom: 10px !important;}&#8221;][\/mk_content_box][\/vc_column][vc_column width=&#8221;1\/3&#8243; css=&#8221;.vc_custom_1504312450803{margin-bottom: 40px !important;}&#8221;][mk_content_box heading=&#8221;Medizinische Mitarbeiter&#8221; el_class=&#8221;schatten&#8221;][vc_column_text]\u2022 \u00c4rzte<br \/>\n\u2022 Physiotherapeuten<br \/>\n\u2022 Hebammen<br \/>\n\u2022 MTRA<br \/>\n\u2022 Rettungsassistenten<\/p>\n<p>und andere medizinische Berufe[\/vc_column_text][vc_btn title=&#8221;zum Formular&#8221; style=&#8221;outline&#8221; shape=&#8221;square&#8221; color=&#8221;black&#8221; align=&#8221;center&#8221; link=&#8221;url:http%3A%2F%2Fjob-agenten.de%2Ffuer-arbeitgeber%2Fpersonalanfrage%2Fmedizinische-mitarbeiter%2F|||&#8221; css=&#8221;.vc_custom_1504312690437{margin-top: 20px !important;margin-bottom: 10px !important;}&#8221;][\/mk_content_box][\/vc_column][vc_column width=&#8221;1\/3&#8243; css=&#8221;.vc_custom_1504312458962{margin-bottom: 40px !important;}&#8221;][mk_content_box heading=&#8221;Praktikanten und Auszubildende&#8221; el_class=&#8221;schatten&#8221;][vc_column_text]\n<ul>\n<li>Erasmus Praktikanten<\/li>\n<li>Auszubildende in jedem Beruf<\/li>\n<\/ul>\n[\/vc_column_text][vc_btn title=&#8221;zum Formular&#8221; style=&#8221;outline&#8221; shape=&#8221;square&#8221; color=&#8221;black&#8221; align=&#8221;center&#8221; link=&#8221;url:http%3A%2F%2Fjob-agenten.de%2Ffuer-arbeitgeber%2Fpersonalanfrage%2Fakademiker%2F|||&#8221; css=&#8221;.vc_custom_1504312724112{margin-top: 20px !important;margin-bottom: 10px !important;}&#8221;][\/mk_content_box][\/vc_column][\/vc_row]\n","protected":false},"excerpt":{"rendered":"<p>[vc_row el_class=&#8221;inhalt erster&#8221;][vc_column][vc_column_text] Personalanfrage Machen Sie Ihre Stelle f\u00fcr den Bewerber attraktiv! Nehmen Sie sich bitte ein paar Minuten Zeit und f\u00fcllen das nachfolgende Formular vollst\u00e4ndig aus. Teilen Sie uns bitte alle wichtigen Details mit um Ihnen, die f\u00fcr Sie passenden Bewerber empfehlen zu k\u00f6nnen. Wichtig! Wir geben alle relevanten Daten zu 100% an die [&hellip;]<\/p>\n","protected":false},"author":1,"featured_media":0,"parent":96,"menu_order":120,"comment_status":"closed","ping_status":"closed","template":"","meta":[],"translation":{"provider":"WPGlobus","version":"3.0.0","language":"pl","enabled_languages":["de","pl"],"languages":{"de":{"title":true,"content":true,"excerpt":false},"pl":{"title":false,"content":false,"excerpt":false}}},"_links":{"self":[{"href":"https:\/\/job-agenten.de\/pl\/wp-json\/wp\/v2\/pages\/51"}],"collection":[{"href":"https:\/\/job-agenten.de\/pl\/wp-json\/wp\/v2\/pages"}],"about":[{"href":"https:\/\/job-agenten.de\/pl\/wp-json\/wp\/v2\/types\/page"}],"author":[{"embeddable":true,"href":"https:\/\/job-agenten.de\/pl\/wp-json\/wp\/v2\/users\/1"}],"replies":[{"embeddable":true,"href":"https:\/\/job-agenten.de\/pl\/wp-json\/wp\/v2\/comments?post=51"}],"version-history":[{"count":16,"href":"https:\/\/job-agenten.de\/pl\/wp-json\/wp\/v2\/pages\/51\/revisions"}],"predecessor-version":[{"id":358,"href":"https:\/\/job-agenten.de\/pl\/wp-json\/wp\/v2\/pages\/51\/revisions\/358"}],"up":[{"embeddable":true,"href":"https:\/\/job-agenten.de\/pl\/wp-json\/wp\/v2\/pages\/96"}],"wp:attachment":[{"href":"https:\/\/job-agenten.de\/pl\/wp-json\/wp\/v2\/media?parent=51"}],"curies":[{"name":"wp","href":"https:\/\/api.w.org\/{rel}","templated":true}]}}