{"id":7,"date":"2017-07-23T22:45:59","date_gmt":"2017-07-23T20:45:59","guid":{"rendered":"http:\/\/job-agenten.de\/?page_id=7"},"modified":"2022-08-20T18:01:34","modified_gmt":"2022-08-20T16:01:34","slug":"startseite","status":"publish","type":"page","link":"https:\/\/job-agenten.de\/pl\/","title":{"rendered":"Strona g\u0142\u00f3wna"},"content":{"rendered":"[vc_row css=&#8221;.vc_custom_1501372293042{margin-top: 20px !important;padding-bottom: 35px !important;}&#8221; el_class=&#8221;slider_startseite&#8221;][vc_column][mk_revslider id=&#8221;slider_startseite&#8221;][\/vc_column][\/vc_row][vc_row el_class=&#8221;inhalt erster startseite&#8221;][vc_column][vc_column_text]\n<h2>Herzlich Willkommen bei den Job-Agenten<\/h2>\n<p>Die Job-Agenten verf\u00fcgen \u00fcber jahrelange Erfahrung in der Vermittlung von Arbeitnehmern. Jeder Bewerber wird von einem Job-Agenten pers\u00f6nlich von der Bewerbung bis zur Einstellung in einem neuen Unternehmen begleitet.<\/p>\n[\/vc_column_text][vc_empty_space height=&#8221;30px&#8221;][vc_column_text]<strong>Nachfrage und Angebot:<\/strong><\/p>\n<p>Gute Helfer, Fachkr\u00e4fte und Akademiker k\u00f6nnen sich heutzutage den Arbeitgeber aussuchen. Dies ist oft nicht transparent f\u00fcr Sie als Bewerber.<\/p>\n<p>Ihr pers\u00f6nlicher Job-Agent hilft Ihnen den passenden Arbeitgeber zu finden, bei dem nicht nur das fachliche sondern auch das soziale Umfeld zu Ihnen passt.<\/p>\n<p>Die Job-Agenten suchen Unternehmen f\u00fcr Sie aus bei denen Sie sich weiterentwickeln und verwirklichen k\u00f6nnen.<\/p>\n<p>Wir er\u00f6ffnen Ihnen Perspektiven und verschaffen Ihnen ein &#8220;berufliches Zuhause&#8221;<\/p>\n<p>Unser Team von Job-Agenten vermittelt auch Bewerber in die Schweiz oder in andere EU-L\u00e4nder.[\/vc_column_text][vc_empty_space height=&#8221;30px&#8221;][vc_column_text]<strong>Sie z\u00f6gern \u2013 das verstehen wir.<\/strong><br \/>\nF\u00fcr Arbeitgeber ist es sehr schwer den passenden Bewerber zu finden. Deshalb nutzen Sie das Vertrauen, das die Unternehmer in die H\u00e4nde der Job-Agenten legen und bewerben Sie sich noch heute.[\/vc_column_text][\/vc_column][\/vc_row][vc_row][vc_column][vc_empty_space height=&#8221;40px&#8221;][\/vc_column][\/vc_row][vc_row][vc_column][mk_steps icon_1=&#8221;mk-moon-health&#8221; title_1=&#8221;Medizin&#8221; desc_1=&#8221;\u2022 \u00c4rzte<br \/>\n\u2022 Physiotherapeuten<br \/>\n\u2022 Hebammen<br \/>\n\u2022 MTRA<br \/>\n\u2022 Rettungsassistenten&#8221; icon_2=&#8221;mk-moon-factory&#8221; title_2=&#8221;Gewerbe und Technik&#8221; desc_2=&#8221;\u2022 Facharbeiter jeder Art<br \/>\n\u2022 Meister<br \/>\n\u2022 Kraftfahrer<br \/>\n\u2022 Techniker<br \/>\n\u2022 Helfer&#8221; icon_3=&#8221;mk-icon-cogs&#8221; title_3=&#8221;Engineering&#8221; desc_3=&#8221;\u2022 Maschinen- und Anlagenbau<br \/>\n\u2022 IT<br \/>\n\u2022 Schiffbau<br \/>\n\u2022 Automotive&#8221; icon_4=&#8221;mk-moon-stack-3&#8243; title_4=&#8221;Management und Office&#8221; desc_4=&#8221;\u2022 Verwaltung<br \/>\n\u2022 Buchhaltung<br \/>\n\u2022 Sachbearbeitung<br \/>\n\u2022 Sekretariat&#8221;][\/vc_column][\/vc_row][vc_row][vc_column][vc_empty_space height=&#8221;20px&#8221;][\/vc_column][\/vc_row][vc_row][vc_column width=&#8221;1\/3&#8243; css=&#8221;.vc_custom_1504303368192{margin-bottom: 40px !important;}&#8221;][mk_content_box heading=&#8221;Ihre Job-Angebote&#8221; el_class=&#8221;schatten&#8221;][vc_column_text]Die Job-Agenten haben f\u00fcr Sie aktuelle Stellenangebote.[\/vc_column_text][vc_btn title=&#8221;zu den Stellenangeboten&#8221; style=&#8221;outline&#8221; shape=&#8221;square&#8221; color=&#8221;black&#8221; align=&#8221;center&#8221; i_icon_fontawesome=&#8221;fa fa-file-text-o&#8221; add_icon=&#8221;true&#8221; link=&#8221;url:http%3A%2F%2Fjob-agenten.de%2Ffuer-arbeitnehmer%2Fstellenangebote%2F|||&#8221; css=&#8221;.vc_custom_1502399890341{margin-top: 20px !important;margin-bottom: 10px !important;}&#8221;][\/mk_content_box][\/vc_column][vc_column width=&#8221;1\/3&#8243; css=&#8221;.vc_custom_1504303376079{margin-bottom: 40px !important;}&#8221;][mk_content_box heading=&#8221;Auftrag an Ihren Job-Agenten&#8221; el_class=&#8221;schatten&#8221;][vc_column_text]Geben Sie Ihre Personalanfrage an uns weiter. Ihr pers\u00f6nlicher Job-Agent wird Sie kontaktieren.[\/vc_column_text][vc_btn title=&#8221;zur Personalanfrage&#8221; style=&#8221;outline&#8221; shape=&#8221;square&#8221; color=&#8221;black&#8221; align=&#8221;center&#8221; i_icon_fontawesome=&#8221;fa fa-check-square-o&#8221; add_icon=&#8221;true&#8221; link=&#8221;url:http%3A%2F%2Fjob-agenten.de%2Ffuer-arbeitgeber%2Fpersonalanfrage%2F|||&#8221; css=&#8221;.vc_custom_1501414519140{margin-top: 20px !important;margin-bottom: 10px !important;}&#8221;][\/mk_content_box][\/vc_column][vc_column width=&#8221;1\/3&#8243; css=&#8221;.vc_custom_1504303388304{margin-bottom: 40px !important;}&#8221;][mk_content_box heading=&#8221;Job-Agenten Kontakt&#8221; el_class=&#8221;schatten&#8221;][vc_column_text]Haben Sie Fragen, die ein Job-Agent beantworten soll?[\/vc_column_text][vc_btn title=&#8221;zum Kontaktformular&#8221; style=&#8221;outline&#8221; shape=&#8221;square&#8221; color=&#8221;black&#8221; align=&#8221;center&#8221; i_icon_fontawesome=&#8221;fa fa-envelope-o&#8221; add_icon=&#8221;true&#8221; link=&#8221;url:http%3A%2F%2Fjob-agenten.de%2Fkontakt%2F|||&#8221; css=&#8221;.vc_custom_1501414574363{margin-top: 20px !important;margin-bottom: 10px !important;}&#8221;][\/mk_content_box][\/vc_column][\/vc_row][vc_row el_class=&#8221;inhalt&#8221;][vc_column][vc_column_text]\n<h2>Unsere Personalvermittlung + Direkteinstellung = ist Ihre L\u00f6sung!<\/h2>\n<p>Bereits \u00fcber 400 Fachkr\u00e4fte, Physiotherapeuten und Hebammen haben uns vertraut und haben einen passenden Arbeitgeber gefunden. In unserem Bewerberpool warten gut ausgebildete Physiotherapeuten, \u00c4rzte, Assistenz\u00e4rzte, Hebammen, MTRs und Handwerker, \u00fcberwiegend aus Polen, welche an einer langfristigen Besch\u00e4ftigung in Deutschland interessiert sind auf Sie. Wir arbeiten schnell, zuverl\u00e4ssig und zielorientiert.[\/vc_column_text][vc_empty_space height=&#8221;30px&#8221;][vc_column_text]<strong>Das Wichtigste f\u00fcr Sie:<\/strong><br \/>\nWir garantieren Ihnen die deutsche Anerkennung der ausl\u00e4ndischen Qualifikation. Deshalb f\u00fchren wir im Namen unserer Physiotherapeuten und Hebammen das komplette Anerkennungsverfahren durch und unterst\u00fctzten diese mit unserer langj\u00e4hrigen Erfahrung. Somit sind Sie sicher, dass Sie nur Fachkr\u00e4fte die den Beruf erlent haben einstellen.[\/vc_column_text][vc_empty_space height=&#8221;30px&#8221;][\/vc_column][\/vc_row][vc_row][vc_column][vc_empty_space height=&#8221;40px&#8221;][\/vc_column][\/vc_row]\n","protected":false},"excerpt":{"rendered":"<p>[vc_row css=&#8221;.vc_custom_1501372293042{margin-top: 20px !important;padding-bottom: 35px !important;}&#8221; el_class=&#8221;slider_startseite&#8221;][vc_column][mk_revslider id=&#8221;slider_startseite&#8221;][\/vc_column][\/vc_row][vc_row el_class=&#8221;inhalt erster startseite&#8221;][vc_column][vc_column_text] Herzlich Willkommen bei den Job-Agenten Die Job-Agenten verf\u00fcgen \u00fcber jahrelange Erfahrung in der Vermittlung von Arbeitnehmern. Jeder Bewerber wird von einem Job-Agenten pers\u00f6nlich von der Bewerbung bis zur Einstellung in einem neuen Unternehmen begleitet. [\/vc_column_text][vc_empty_space height=&#8221;30px&#8221;][vc_column_text]Nachfrage und Angebot: Gute Helfer, Fachkr\u00e4fte und Akademiker k\u00f6nnen [&hellip;]<\/p>\n","protected":false},"author":1,"featured_media":0,"parent":0,"menu_order":0,"comment_status":"closed","ping_status":"closed","template":"","meta":[],"translation":{"provider":"WPGlobus","version":"3.0.0","language":"pl","enabled_languages":["de","pl"],"languages":{"de":{"title":true,"content":true,"excerpt":false},"pl":{"title":true,"content":true,"excerpt":false}}},"_links":{"self":[{"href":"https:\/\/job-agenten.de\/pl\/wp-json\/wp\/v2\/pages\/7"}],"collection":[{"href":"https:\/\/job-agenten.de\/pl\/wp-json\/wp\/v2\/pages"}],"about":[{"href":"https:\/\/job-agenten.de\/pl\/wp-json\/wp\/v2\/types\/page"}],"author":[{"embeddable":true,"href":"https:\/\/job-agenten.de\/pl\/wp-json\/wp\/v2\/users\/1"}],"replies":[{"embeddable":true,"href":"https:\/\/job-agenten.de\/pl\/wp-json\/wp\/v2\/comments?post=7"}],"version-history":[{"count":55,"href":"https:\/\/job-agenten.de\/pl\/wp-json\/wp\/v2\/pages\/7\/revisions"}],"predecessor-version":[{"id":1276,"href":"https:\/\/job-agenten.de\/pl\/wp-json\/wp\/v2\/pages\/7\/revisions\/1276"}],"wp:attachment":[{"href":"https:\/\/job-agenten.de\/pl\/wp-json\/wp\/v2\/media?parent=7"}],"curies":[{"name":"wp","href":"https:\/\/api.w.org\/{rel}","templated":true}]}}