{"id":96,"date":"2017-07-30T17:54:31","date_gmt":"2017-07-30T15:54:31","guid":{"rendered":"http:\/\/job-agenten.de\/?page_id=96"},"modified":"2020-12-04T19:36:23","modified_gmt":"2020-12-04T18:36:23","slug":"fuer-arbeitgeber","status":"publish","type":"page","link":"https:\/\/job-agenten.de\/pl\/fuer-arbeitgeber\/","title":{"rendered":"f\u00fcr Arbeitgeber"},"content":{"rendered":"[vc_row el_class=&#8221;inhalt erster&#8221;][vc_column][vc_column_text]\n<h2><\/h2>\n<h2><strong>Wir haben Ihren neuen Mitarbeiter<\/strong><\/h2>\n<p>Die Job-Agenten w\u00e4hlen Bewerber gezielt nach ihrer Qualifikation aus, um die Anforderungen Ihres Unternehmens m\u00f6glichst zu \u00fcbertreffen. Somit haben Sie einen verl\u00e4sslichen Partner an Ihrer Seite, der qualifiziertes Personal f\u00fcr Ihr Unternehmen gewinnt.<\/p>\n<p><strong>Bewerbermanagent vom Profi \u2013 Ihre Vorteile:<\/strong><\/p>\n<ul>\n<li>Zentrale Kommunikation<br \/>\nEin Ansprechpartner f\u00fcr alle Fragen rund um die Personalbeschaffung.<\/li>\n<li>Mit unserem Team garantieren wir eine bedarfsgerechte und qualifizierte Auswahl der Bewerber f\u00fcr Ihr Unternehmen<\/li>\n<li>Wir sind mit der aktuellen Problematik auf dem Arbeitsmarkt vertraut. Daher wissen wir genau, was Ihr zuk\u00fcnftiger Mitarbeiter erf\u00fcllen muss.<\/li>\n<li>Sie sparen Zeit und Geld, da wir den Prozess der Vorauswahl und Vorstellungsgespr\u00e4che f\u00fcr Sie \u00fcbernehmen.<\/li>\n<li>Sie erhalten selektiert nur die am besten geeigneten Bewerber weiterempfohlen.<\/li>\n<\/ul>\n[\/vc_column_text][\/vc_column][\/vc_row][vc_row][vc_column][vc_empty_space height=&#8221;60px&#8221;][\/vc_column][\/vc_row][vc_row][vc_column][vc_column_text]\n<h2>&nbsp;Ihre Vorteile<\/h2>\n[\/vc_column_text][vc_empty_space height=&#8221;30px&#8221;][\/vc_column][\/vc_row][vc_row el_class=&#8221;prozess_ag&#8221;][vc_column][mk_steps icon_1=&#8221;mk-icon-euro&#8221; title_1=&#8221;Geld&#8221; desc_1=&#8221;Provision nach erfolgter Einstellung f\u00e4llig&#8221; icon_2=&#8221;mk-moon-clock&#8221; title_2=&#8221;Zeit&#8221; desc_2=&#8221;minimaler Zeitaufwand f\u00fcr Ihr Unternehmen&#8221; icon_3=&#8221;mk-moon-shield&#8221; title_3=&#8221;Sicherheit&#8221; desc_3=&#8221;nur die besten Bewerber f\u00fcr Ihr Unternehmen&#8221; icon_4=&#8221;mk-moon-checkbox-checked-2&#8243; title_4=&#8221;Fair&#8221; desc_4=&#8221;beste Qualit\u00e4t zum fairen Preis&#8221;][\/vc_column][\/vc_row][vc_row el_class=&#8221;inhalt&#8221;][vc_column][vc_column_text]\n<h2>Job-Agenten Personalvermittlung + Direkteinstellung = Ihre L\u00f6sung!<\/h2>\n<p>Bereits \u00fcber 1.000 Fachkr\u00e4fte haben uns vertraut und durch Job-Agenten einen neuen Arbeitgeber gefunden. In unserem Bewerberpool warten gut ausgebildete Helfer, Fachkr\u00e4fte und Akademiker, welche an einer langfristigen Besch\u00e4ftigung interessiert sind.<\/p>\n<p><strong>Was k\u00f6nnen Sie von uns erwarten?<br \/>\n<\/strong>Sie bekommen keinen gew\u00f6hnlichen Standard, sondern <strong>individuelle Betreuung<\/strong>. Die Job-Agenten vertreten Ihre W\u00fcnsche und Interessen bestm\u00f6glich. Lassen Sie sich von unserer unkomplizierten Professionalit\u00e4t und unserer Dienstleistung begeistern.[\/vc_column_text][\/vc_column][\/vc_row]\n","protected":false},"excerpt":{"rendered":"<p>[vc_row el_class=&#8221;inhalt erster&#8221;][vc_column][vc_column_text] Wir haben Ihren neuen Mitarbeiter Die Job-Agenten w\u00e4hlen Bewerber gezielt nach ihrer Qualifikation aus, um die Anforderungen Ihres Unternehmens m\u00f6glichst zu \u00fcbertreffen. Somit haben Sie einen verl\u00e4sslichen Partner an Ihrer Seite, der qualifiziertes Personal f\u00fcr Ihr Unternehmen gewinnt. Bewerbermanagent vom Profi \u2013 Ihre Vorteile: Zentrale Kommunikation Ein Ansprechpartner f\u00fcr alle Fragen rund [&hellip;]<\/p>\n","protected":false},"author":1,"featured_media":0,"parent":0,"menu_order":60,"comment_status":"closed","ping_status":"closed","template":"","meta":[],"translation":{"provider":"WPGlobus","version":"3.0.0","language":"pl","enabled_languages":["de","pl"],"languages":{"de":{"title":true,"content":true,"excerpt":false},"pl":{"title":false,"content":false,"excerpt":false}}},"_links":{"self":[{"href":"https:\/\/job-agenten.de\/pl\/wp-json\/wp\/v2\/pages\/96"}],"collection":[{"href":"https:\/\/job-agenten.de\/pl\/wp-json\/wp\/v2\/pages"}],"about":[{"href":"https:\/\/job-agenten.de\/pl\/wp-json\/wp\/v2\/types\/page"}],"author":[{"embeddable":true,"href":"https:\/\/job-agenten.de\/pl\/wp-json\/wp\/v2\/users\/1"}],"replies":[{"embeddable":true,"href":"https:\/\/job-agenten.de\/pl\/wp-json\/wp\/v2\/comments?post=96"}],"version-history":[{"count":26,"href":"https:\/\/job-agenten.de\/pl\/wp-json\/wp\/v2\/pages\/96\/revisions"}],"predecessor-version":[{"id":1273,"href":"https:\/\/job-agenten.de\/pl\/wp-json\/wp\/v2\/pages\/96\/revisions\/1273"}],"wp:attachment":[{"href":"https:\/\/job-agenten.de\/pl\/wp-json\/wp\/v2\/media?parent=96"}],"curies":[{"name":"wp","href":"https:\/\/api.w.org\/{rel}","templated":true}]}}